{"id":42,"date":"2018-01-07T11:46:07","date_gmt":"2018-01-07T10:46:07","guid":{"rendered":"http:\/\/cote-piscine.be\/?page_id=42"},"modified":"2021-04-03T14:56:18","modified_gmt":"2021-04-03T12:56:18","slug":"accueil","status":"publish","type":"page","link":"https:\/\/cote-piscine.be\/","title":{"rendered":"Accueil"},"content":{"rendered":"<p>Bienvenue sur notre site web!<\/p>\n<p>Avant d&rsquo;\u00eatre un m\u00e9tier, <a href=\"http:\/\/cote-piscine.be\/index.php\/introduction\/\">la piscine est une passion pour nous<\/a>, la satisfaction de nos clients est notre meilleure r\u00e9compense et nous les remercions de nous accorder leur confiance. Nous avons d&rsquo;ailleurs choisi de ne pas faire de publicit\u00e9 ou investir dans un site web somptueux, notre meilleure publicit\u00e9 est celle que nos clients font de nous et cela nous satisfait amplement.<\/p>\n<p>L\u2019\u00e9quipe de C\u00f4t\u00e9 Piscine<\/p>\n","protected":false},"excerpt":{"rendered":"<p>Bienvenue sur notre site web! Avant d&rsquo;\u00eatre un m\u00e9tier, la piscine est une passion pour nous, la satisfaction de nos clients est notre meilleure r\u00e9compense et nous les remercions de nous accorder leur confiance. Nous avons d&rsquo;ailleurs choisi de ne pas faire de publicit\u00e9 ou investir dans un site web&#8230;<\/p>\n","protected":false},"author":1,"featured_media":0,"parent":0,"menu_order":0,"comment_status":"closed","ping_status":"closed","template":"","meta":{"footnotes":""},"class_list":["post-42","page","type-page","status-publish","hentry"],"jetpack_sharing_enabled":true,"_links":{"self":[{"href":"https:\/\/cote-piscine.be\/index.php\/wp-json\/wp\/v2\/pages\/42","targetHints":{"allow":["GET"]}}],"collection":[{"href":"https:\/\/cote-piscine.be\/index.php\/wp-json\/wp\/v2\/pages"}],"about":[{"href":"https:\/\/cote-piscine.be\/index.php\/wp-json\/wp\/v2\/types\/page"}],"author":[{"embeddable":true,"href":"https:\/\/cote-piscine.be\/index.php\/wp-json\/wp\/v2\/users\/1"}],"replies":[{"embeddable":true,"href":"https:\/\/cote-piscine.be\/index.php\/wp-json\/wp\/v2\/comments?post=42"}],"version-history":[{"count":6,"href":"https:\/\/cote-piscine.be\/index.php\/wp-json\/wp\/v2\/pages\/42\/revisions"}],"predecessor-version":[{"id":92,"href":"https:\/\/cote-piscine.be\/index.php\/wp-json\/wp\/v2\/pages\/42\/revisions\/92"}],"wp:attachment":[{"href":"https:\/\/cote-piscine.be\/index.php\/wp-json\/wp\/v2\/media?parent=42"}],"curies":[{"name":"wp","href":"https:\/\/api.w.org\/{rel}","templated":true}]}}