{"id":45,"date":"2018-01-07T11:46:48","date_gmt":"2018-01-07T10:46:48","guid":{"rendered":"http:\/\/cote-piscine.be\/?page_id=45"},"modified":"2021-04-03T15:07:19","modified_gmt":"2021-04-03T13:07:19","slug":"introduction","status":"publish","type":"page","link":"https:\/\/cote-piscine.be\/index.php\/introduction\/","title":{"rendered":"Introduction"},"content":{"rendered":"<p>C\u00f4t\u00e9 Piscine conseille ses clients sur les \u00e9quipements n\u00e9cessaires et optionnels de la piscine, entretient les piscines et peut \u00e9galement vous aider \u00e0 r\u00e9nover d\u2019anciennes piscines.<\/p>\n<p>Nos sp\u00e9cialit\u00e9s: la gestion de l\u2019hydraulique de la piscine (pompes, circuits eau\u2026), la mise en place d\u2019une solution de traitement de l\u2019eau r\u00e9pondant \u00e0 vos attentes (Chlore, pH, UV, ozone, hydrolyse Cuivre-Argent\u2026) \u00a0et la domotique de votre piscine afin que vous puissiez vous concentrer sur l\u2019essentiel: la jouissance de votre piscine!<\/p>\n<p>C\u00f4t\u00e9 Piscine dispose d\u2019un <strong>showroom<\/strong>,\u00a0<strong>avec une piscine op\u00e9rationnelle et compl\u00e8te<\/strong>\u00a0afin que chaque client puisse s\u2019informer et d\u00e9couvrir les plaisirs de la piscine avant de prendre la grande d\u00e9cision et ainsi pouvoir pleinement profiter de sa propre piscine. Les aspects didactiques sont \u00e0 nos yeux tr\u00e8s importants car la piscine repr\u00e9sente d\u2019abord un ensemble de contraintes et de responsabilit\u00e9s que l\u2019on ne peut pas ignorer: \u00a0nous ne manquerons pas de vous les expliquer. Si nous le faisons, c\u2019est parce que des solutions existent pour faciliter la bonne gestion de la piscine. Et, surtout, parce que pour nous, la piscine doit avant tout \u00eatre un plaisir pour son propri\u00e9taire et non une contrainte.<\/p>\n<p>En ce qui concerne les choix des\u00a0<strong>\u00e9quipements et\u00a0mat\u00e9riaux<\/strong>, nous privil\u00e9gions les marques proposant des produits de qualit\u00e9 et techniquement adapt\u00e9s. Ainsi, nous appr\u00e9cions particuli\u00e8rement collaborer avec des marques mettant \u00e0 disposition leurs documentations techniques, en ce compris les manuels d\u2019installation et d\u2019utilisation, afin que nous puissions les \u00e9tudier et nous assurer de leur parfaite ad\u00e9quation dans l\u2019\u00e9cosyst\u00e8me qu\u2019est votre piscine.<\/p>\n<p>Vous disposez d\u00e9j\u00e0 d&rsquo;une piscine? Bravo! Nous pouvons vous conseiller pour toute maintenance ou extension, gestion de la <strong>qualit\u00e9 de l&rsquo;eau<\/strong>, produits piscine \u00e0 employer&#8230;<\/p>\n<p><strong>Avoir une piscine doit avant tout procurer plaisir et confort<\/strong>. C\u2019est la mission de C\u00f4t\u00e9 Piscine.<\/p>\n<p><strong>A bient\u00f4t!<\/strong><\/p>\n<p>L\u2019\u00e9quipe de C\u00f4t\u00e9 Piscine<\/p>\n","protected":false},"excerpt":{"rendered":"<p>C\u00f4t\u00e9 Piscine conseille ses clients sur les \u00e9quipements n\u00e9cessaires et optionnels de la piscine, entretient les piscines et peut \u00e9galement vous aider \u00e0 r\u00e9nover d\u2019anciennes piscines. Nos sp\u00e9cialit\u00e9s: la gestion de l\u2019hydraulique de la piscine (pompes, circuits eau\u2026), la mise en place d\u2019une solution de traitement de l\u2019eau r\u00e9pondant \u00e0&#8230;<\/p>\n","protected":false},"author":1,"featured_media":0,"parent":0,"menu_order":0,"comment_status":"closed","ping_status":"closed","template":"","meta":{"footnotes":""},"class_list":["post-45","page","type-page","status-publish","hentry"],"jetpack_sharing_enabled":true,"_links":{"self":[{"href":"https:\/\/cote-piscine.be\/index.php\/wp-json\/wp\/v2\/pages\/45","targetHints":{"allow":["GET"]}}],"collection":[{"href":"https:\/\/cote-piscine.be\/index.php\/wp-json\/wp\/v2\/pages"}],"about":[{"href":"https:\/\/cote-piscine.be\/index.php\/wp-json\/wp\/v2\/types\/page"}],"author":[{"embeddable":true,"href":"https:\/\/cote-piscine.be\/index.php\/wp-json\/wp\/v2\/users\/1"}],"replies":[{"embeddable":true,"href":"https:\/\/cote-piscine.be\/index.php\/wp-json\/wp\/v2\/comments?post=45"}],"version-history":[{"count":5,"href":"https:\/\/cote-piscine.be\/index.php\/wp-json\/wp\/v2\/pages\/45\/revisions"}],"predecessor-version":[{"id":100,"href":"https:\/\/cote-piscine.be\/index.php\/wp-json\/wp\/v2\/pages\/45\/revisions\/100"}],"wp:attachment":[{"href":"https:\/\/cote-piscine.be\/index.php\/wp-json\/wp\/v2\/media?parent=45"}],"curies":[{"name":"wp","href":"https:\/\/api.w.org\/{rel}","templated":true}]}}