{"id":51,"date":"2018-01-07T11:47:45","date_gmt":"2018-01-07T10:47:45","guid":{"rendered":"http:\/\/cote-piscine.be\/?page_id=51"},"modified":"2021-04-03T15:04:59","modified_gmt":"2021-04-03T13:04:59","slug":"piscinistes-pisciniers-professionnels","status":"publish","type":"page","link":"https:\/\/cote-piscine.be\/index.php\/piscinistes-pisciniers-professionnels\/","title":{"rendered":"Piscinistes \/ Pisciniers \/ Professionnels"},"content":{"rendered":"<p>La r\u00e9alisation d\u2019une piscine\u00a0<strong>pour vos clients<\/strong> doit avant tout \u00eatre une source de bien-\u00eatre et c\u2019est pour cela qu\u2019il vous arrive de sous traiter certains sujets plus pointus.<\/p>\n<p>Ainsi, nous vous proposons\u00a0<strong>notre collaboration<\/strong>\u00a0dans les domaines pour lesquels nous\u00a0sommes\u00a0experts.<\/p>\n<p>Nos<strong>\u00a0domaines d\u2019expertise<\/strong>\u00a0\u00e0 votre service sont:<\/p>\n<ul>\n<li>l\u2019<strong>hydraulique<\/strong> de la piscine (dimensionnements, recommandations techniques, placement et int\u00e9gration des syst\u00e8mes en un tout coh\u00e9rent, fonctionnel et simple d\u2019utilisation pour le client final, automatismes et domotique: automatisations Pentair, Hayward, pompes \u00e0 vitesses variables, syst\u00e8mes UV, Electrolyse, Ozone&#8230;)<\/li>\n<li>le placement de\u00a0<strong>volets et couvertures\u00a0<\/strong><\/li>\n<li>le <strong>traitement et la d\u00e9sinfection de l&rsquo;eau<\/strong> des piscines (analyse de l&rsquo;eau, interpr\u00e9tation des r\u00e9sultats et mise en \u0153uvre de l&rsquo;\u00e9quilibrage ainsi que de la d\u00e9sinfection)<\/li>\n<\/ul>\n<p>Lorsque nous intervenons pour votre compte, nous\u00a0le faisons de mani\u00e8re discr\u00e8te: nos v\u00e9hicules sont anonymes et nous ne\u00a0nous pr\u00e9sentons pas sous notre marque commerciale.<\/p>\n<p>C\u2019est\u00a0avec plaisir que nous discuterons avec vous de vos projets et \u00e9valuerons \u00e9galement comment r\u00e9pondre aux attentes de vos clients. Au plus t\u00f4t nous intervenons, au\u00a0plus efficace et \u00e9conomique sera notre intervention.<\/p>\n","protected":false},"excerpt":{"rendered":"<p>La r\u00e9alisation d\u2019une piscine\u00a0pour vos clients doit avant tout \u00eatre une source de bien-\u00eatre et c\u2019est pour cela qu\u2019il vous arrive de sous traiter certains sujets plus pointus. Ainsi, nous vous proposons\u00a0notre collaboration\u00a0dans les domaines pour lesquels nous\u00a0sommes\u00a0experts. Nos\u00a0domaines d\u2019expertise\u00a0\u00e0 votre service sont: l\u2019hydraulique de la piscine (dimensionnements, recommandations techniques,&#8230;<\/p>\n","protected":false},"author":1,"featured_media":0,"parent":0,"menu_order":0,"comment_status":"closed","ping_status":"closed","template":"","meta":{"footnotes":""},"class_list":["post-51","page","type-page","status-publish","hentry"],"jetpack_sharing_enabled":true,"_links":{"self":[{"href":"https:\/\/cote-piscine.be\/index.php\/wp-json\/wp\/v2\/pages\/51","targetHints":{"allow":["GET"]}}],"collection":[{"href":"https:\/\/cote-piscine.be\/index.php\/wp-json\/wp\/v2\/pages"}],"about":[{"href":"https:\/\/cote-piscine.be\/index.php\/wp-json\/wp\/v2\/types\/page"}],"author":[{"embeddable":true,"href":"https:\/\/cote-piscine.be\/index.php\/wp-json\/wp\/v2\/users\/1"}],"replies":[{"embeddable":true,"href":"https:\/\/cote-piscine.be\/index.php\/wp-json\/wp\/v2\/comments?post=51"}],"version-history":[{"count":4,"href":"https:\/\/cote-piscine.be\/index.php\/wp-json\/wp\/v2\/pages\/51\/revisions"}],"predecessor-version":[{"id":98,"href":"https:\/\/cote-piscine.be\/index.php\/wp-json\/wp\/v2\/pages\/51\/revisions\/98"}],"wp:attachment":[{"href":"https:\/\/cote-piscine.be\/index.php\/wp-json\/wp\/v2\/media?parent=51"}],"curies":[{"name":"wp","href":"https:\/\/api.w.org\/{rel}","templated":true}]}}