{"id":54,"date":"2018-01-07T11:48:27","date_gmt":"2018-01-07T10:48:27","guid":{"rendered":"http:\/\/cote-piscine.be\/?page_id=54"},"modified":"2022-11-24T12:18:54","modified_gmt":"2022-11-24T11:18:54","slug":"information-legale","status":"publish","type":"page","link":"https:\/\/cote-piscine.be\/index.php\/information-legale\/","title":{"rendered":"Information l\u00e9gale"},"content":{"rendered":"<p>C\u00f4t\u00e9 Piscine est le nom commercial utilis\u00e9 pour l&rsquo;activit\u00e9 piscine de VPA sprl, soci\u00e9t\u00e9 priv\u00e9e \u00e0 responsabilit\u00e9 limit\u00e9e de droit belge enregistr\u00e9e aupr\u00e8s de la banque carrefour des entreprises sous le num\u00e9ro BE0863.274.066.<\/p>\n<p>Pour plus d&rsquo;information sur notre soci\u00e9t\u00e9, nos informations l\u00e9gales et nos conditions g\u00e9n\u00e9rales de vente, reportez-vous sur la page web de VPA sprl:<\/p>\n<p><a href=\"https:\/\/www.vpa.be\/legal-disclaimer\/\">Legal Disclaimer VPA sprl &#8211; Information L\u00e9gale VPA sprl<\/a><\/p>\n\n\n<p><\/p>\n","protected":false},"excerpt":{"rendered":"<p>C\u00f4t\u00e9 Piscine est le nom commercial utilis\u00e9 pour l&rsquo;activit\u00e9 piscine de VPA sprl, soci\u00e9t\u00e9 priv\u00e9e \u00e0 responsabilit\u00e9 limit\u00e9e de droit belge enregistr\u00e9e aupr\u00e8s de la banque carrefour des entreprises sous le num\u00e9ro BE0863.274.066. Pour plus d&rsquo;information sur notre soci\u00e9t\u00e9, nos informations l\u00e9gales et nos conditions g\u00e9n\u00e9rales de vente, reportez-vous sur&#8230;<\/p>\n","protected":false},"author":1,"featured_media":0,"parent":0,"menu_order":0,"comment_status":"closed","ping_status":"closed","template":"","meta":{"footnotes":""},"class_list":["post-54","page","type-page","status-publish","hentry"],"jetpack_sharing_enabled":true,"_links":{"self":[{"href":"https:\/\/cote-piscine.be\/index.php\/wp-json\/wp\/v2\/pages\/54","targetHints":{"allow":["GET"]}}],"collection":[{"href":"https:\/\/cote-piscine.be\/index.php\/wp-json\/wp\/v2\/pages"}],"about":[{"href":"https:\/\/cote-piscine.be\/index.php\/wp-json\/wp\/v2\/types\/page"}],"author":[{"embeddable":true,"href":"https:\/\/cote-piscine.be\/index.php\/wp-json\/wp\/v2\/users\/1"}],"replies":[{"embeddable":true,"href":"https:\/\/cote-piscine.be\/index.php\/wp-json\/wp\/v2\/comments?post=54"}],"version-history":[{"count":4,"href":"https:\/\/cote-piscine.be\/index.php\/wp-json\/wp\/v2\/pages\/54\/revisions"}],"predecessor-version":[{"id":110,"href":"https:\/\/cote-piscine.be\/index.php\/wp-json\/wp\/v2\/pages\/54\/revisions\/110"}],"wp:attachment":[{"href":"https:\/\/cote-piscine.be\/index.php\/wp-json\/wp\/v2\/media?parent=54"}],"curies":[{"name":"wp","href":"https:\/\/api.w.org\/{rel}","templated":true}]}}